{"id":1193,"date":"2024-06-29T17:10:50","date_gmt":"2024-06-29T20:10:50","guid":{"rendered":"https:\/\/natalzn.com.br\/site\/?page_id=1193"},"modified":"2024-07-23T11:27:51","modified_gmt":"2024-07-23T14:27:51","slug":"termos-e-condicoes","status":"publish","type":"page","link":"https:\/\/natalzn.com.br\/?page_id=1193","title":{"rendered":"Termos e Condi\u00e7\u00f5es"},"content":{"rendered":"\t\t<div data-elementor-type=\"wp-page\" data-elementor-id=\"1193\" class=\"elementor elementor-1193\" data-elementor-post-type=\"page\">\n\t\t\t\t<div class=\"elementor-element elementor-element-c8a817d e-con-full e-flex e-con e-parent\" data-id=\"c8a817d\" data-element_type=\"container\" data-e-type=\"container\" data-settings=\"{&quot;background_background&quot;:&quot;classic&quot;}\">\n\t\t<div class=\"elementor-element elementor-element-5851d20 e-flex e-con-boxed e-con e-child\" data-id=\"5851d20\" data-element_type=\"container\" data-e-type=\"container\">\n\t\t\t\t\t<div class=\"e-con-inner\">\n\t\t\t\t<div class=\"elementor-element elementor-element-4fda3fb elementor-widget elementor-widget-heading\" data-id=\"4fda3fb\" data-element_type=\"widget\" data-e-type=\"widget\" data-widget_type=\"heading.default\">\n\t\t\t\t<div class=\"elementor-widget-container\">\n\t\t\t\t\t<h1 class=\"elementor-heading-title elementor-size-default\">Termos e Condi\u00e7\u00f5es<\/h1>\t\t\t\t<\/div>\n\t\t\t\t<\/div>\n\t\t\t\t<div class=\"elementor-element elementor-element-53da8e8 elementor-widget__width-initial elementor-view-default elementor-widget elementor-widget-icon\" data-id=\"53da8e8\" data-element_type=\"widget\" data-e-type=\"widget\" data-widget_type=\"icon.default\">\n\t\t\t\t<div class=\"elementor-widget-container\">\n\t\t\t\t\t\t\t<div class=\"elementor-icon-wrapper\">\n\t\t\t<div class=\"elementor-icon\">\n\t\t\t<svg aria-hidden=\"true\" class=\"e-font-icon-svg e-fas-square-full\" viewBox=\"0 0 512 512\" xmlns=\"http:\/\/www.w3.org\/2000\/svg\"><path d=\"M512 512H0V0h512v512z\"><\/path><\/svg>\t\t\t<\/div>\n\t\t<\/div>\n\t\t\t\t\t\t<\/div>\n\t\t\t\t<\/div>\n\t\t\t\t\t<\/div>\n\t\t\t\t<\/div>\n\t\t\t\t<\/div>\n\t\t<div class=\"elementor-element elementor-element-7a916d2 e-flex e-con-boxed e-con e-parent\" data-id=\"7a916d2\" data-element_type=\"container\" data-e-type=\"container\">\n\t\t\t\t\t<div class=\"e-con-inner\">\n\t\t\t\t<div class=\"elementor-element elementor-element-8cde008 elementor-widget elementor-widget-spacer\" data-id=\"8cde008\" data-element_type=\"widget\" data-e-type=\"widget\" data-widget_type=\"spacer.default\">\n\t\t\t\t<div class=\"elementor-widget-container\">\n\t\t\t\t\t\t\t<div class=\"elementor-spacer\">\n\t\t\t<div class=\"elementor-spacer-inner\"><\/div>\n\t\t<\/div>\n\t\t\t\t\t\t<\/div>\n\t\t\t\t<\/div>\n\t\t\t\t<div class=\"elementor-element elementor-element-b151d08 elementor-widget elementor-widget-text-editor\" data-id=\"b151d08\" data-element_type=\"widget\" data-e-type=\"widget\" data-widget_type=\"text-editor.default\">\n\t\t\t\t<div class=\"elementor-widget-container\">\n\t\t\t\t\t\t\t\t\t<p><strong>Bem-vindo ao Natal ZN!<\/strong><\/p><p>Estes termos e condi\u00e7\u00f5es descrevem as regras e regulamentos para o uso do site Natal ZN. Ao acessar este site, consideramos que voc\u00ea est\u00e1 de acordo com estes termos e condi\u00e7\u00f5es. N\u00e3o continue a usar o Natal ZN se voc\u00ea n\u00e3o concordar com todos os termos e condi\u00e7\u00f5es estabelecidos nesta p\u00e1gina.<\/p><p><strong>1. Termos Gerais<\/strong><\/p><p>1.1. O Natal ZN \u00e9 um site de classificados que permite a publica\u00e7\u00e3o e visualiza\u00e7\u00e3o de an\u00fancios por usu\u00e1rios em busca de produtos e servi\u00e7os.<\/p><p>1.2. Para utilizar o Natal ZN, voc\u00ea deve ter pelo menos 18 anos de idade. Ao utilizar o site, voc\u00ea declara que possui a idade m\u00ednima necess\u00e1ria.<\/p><p>1.3. O uso do site \u00e9 permitido apenas para fins legais. Qualquer uso do site que viole leis locais, estaduais, nacionais ou internacionais \u00e9 estritamente proibido.<\/p><p><strong>2. Contas de Usu\u00e1rio<\/strong><\/p><p>2.1. Para publicar an\u00fancios ou utilizar certas funcionalidades do site, pode ser necess\u00e1rio criar uma conta de usu\u00e1rio.<\/p><p>2.2. Voc\u00ea \u00e9 respons\u00e1vel por manter a confidencialidade das informa\u00e7\u00f5es da sua conta e por todas as atividades que ocorram em sua conta.<\/p><p>2.3. O Natal ZN reserva-se o direito de suspender ou encerrar sua conta a qualquer momento, por qualquer motivo, incluindo, mas n\u00e3o se limitando a, viola\u00e7\u00f5es destes termos e condi\u00e7\u00f5es.<\/p><p><strong>3. Publica\u00e7\u00e3o de An\u00fancios<\/strong><\/p><p>3.1. Os an\u00fancios publicados no Natal ZN devem ser precisos e n\u00e3o enganosos. Voc\u00ea \u00e9 respons\u00e1vel pelo conte\u00fado dos an\u00fancios que publica.<\/p><p>3.2. \u00c9 proibida a publica\u00e7\u00e3o de an\u00fancios que contenham informa\u00e7\u00f5es falsas, ofensivas, enganosas, ou que violem direitos de terceiros.<\/p><p>3.3. O Natal ZN reserva-se o direito de remover qualquer an\u00fancio que considere inadequado ou em viola\u00e7\u00e3o destes termos e condi\u00e7\u00f5es, sem aviso pr\u00e9vio.<\/p><p><strong>4. Transa\u00e7\u00f5es e Pagamentos<\/strong><\/p><p>4.1. Todas as transa\u00e7\u00f5es realizadas entre os usu\u00e1rios do Natal ZN s\u00e3o de responsabilidade exclusiva dos envolvidos. O Natal ZN n\u00e3o se responsabiliza por quaisquer perdas ou danos resultantes de tais transa\u00e7\u00f5es.<\/p><p>4.2. Recomenda-se que todas as transa\u00e7\u00f5es sejam realizadas pessoalmente e que n\u00e3o sejam utilizados m\u00e9todos de pagamento an\u00f4nimos.<\/p><p><strong>5. Propriedade Intelectual<\/strong><\/p><p>5.1. Todo o conte\u00fado do site Natal ZN, incluindo, mas n\u00e3o se limitando a, texto, gr\u00e1ficos, logos, \u00edcones, imagens, clipes de \u00e1udio, downloads digitais e compila\u00e7\u00e3o de dados, \u00e9 propriedade do Natal ZN ou de seus fornecedores de conte\u00fado e \u00e9 protegido por leis de direitos autorais.<\/p><p><strong>6. Limita\u00e7\u00e3o de Responsabilidade<\/strong><\/p><p>6.1. O Natal ZN n\u00e3o garante que o site estar\u00e1 sempre dispon\u00edvel, livre de erros, ou que os resultados obtidos do uso do site ser\u00e3o precisos ou confi\u00e1veis.<\/p><p>6.2. Em nenhuma circunst\u00e2ncia o Natal ZN ser\u00e1 respons\u00e1vel por quaisquer danos diretos, indiretos, incidentais, especiais, consequenciais ou exemplares, incluindo, mas n\u00e3o se limitando a, danos por perda de lucros, boa-f\u00e9, uso, dados ou outras perdas intang\u00edveis.<\/p><p><strong>7. Modifica\u00e7\u00f5es dos Termos e Condi\u00e7\u00f5es<\/strong><\/p><p>7.1. O Natal ZN reserva-se o direito de modificar estes termos e condi\u00e7\u00f5es a qualquer momento. As modifica\u00e7\u00f5es entrar\u00e3o em vigor imediatamente ap\u00f3s a publica\u00e7\u00e3o no site.<\/p><p>7.2. \u00c9 responsabilidade do usu\u00e1rio revisar periodicamente estes termos e condi\u00e7\u00f5es para estar ciente de quaisquer modifica\u00e7\u00f5es.<\/p><p><strong>8. Contato<\/strong><\/p><p>8.1. Se voc\u00ea tiver qualquer d\u00favida sobre estes termos e condi\u00e7\u00f5es, por favor, entre em contato conosco atrav\u00e9s do e-mail: <em><strong><a rel=\"noreferrer\">contato@natalzn.com.br<\/a>.<\/strong><\/em><\/p>\t\t\t\t\t\t\t\t<\/div>\n\t\t\t\t<\/div>\n\t\t\t\t<div class=\"elementor-element elementor-element-b0eb371 elementor-widget elementor-widget-spacer\" data-id=\"b0eb371\" data-element_type=\"widget\" data-e-type=\"widget\" data-widget_type=\"spacer.default\">\n\t\t\t\t<div class=\"elementor-widget-container\">\n\t\t\t\t\t\t\t<div class=\"elementor-spacer\">\n\t\t\t<div class=\"elementor-spacer-inner\"><\/div>\n\t\t<\/div>\n\t\t\t\t\t\t<\/div>\n\t\t\t\t<\/div>\n\t\t\t\t\t<\/div>\n\t\t\t\t<\/div>\n\t\t\t\t<\/div>\n\t\t","protected":false},"excerpt":{"rendered":"<p>Bem-vindo ao Natal ZN! Estes termos e condi\u00e7\u00f5es descrevem as regras e regulamentos para o uso do site Natal ZN. Ao acessar este site, consideramos que voc\u00ea est\u00e1 de acordo com estes termos e condi\u00e7\u00f5es. N\u00e3o continue a usar o Natal ZN se voc\u00ea n\u00e3o concordar com todos os termos e condi\u00e7\u00f5es estabelecidos nesta p\u00e1gina. [&hellip;]<\/p>\n","protected":false},"author":1,"featured_media":0,"parent":0,"menu_order":0,"comment_status":"closed","ping_status":"closed","template":"elementor_header_footer","meta":{"footnotes":""},"class_list":["post-1193","page","type-page","status-publish","hentry"],"_links":{"self":[{"href":"https:\/\/natalzn.com.br\/index.php?rest_route=\/wp\/v2\/pages\/1193","targetHints":{"allow":["GET"]}}],"collection":[{"href":"https:\/\/natalzn.com.br\/index.php?rest_route=\/wp\/v2\/pages"}],"about":[{"href":"https:\/\/natalzn.com.br\/index.php?rest_route=\/wp\/v2\/types\/page"}],"author":[{"embeddable":true,"href":"https:\/\/natalzn.com.br\/index.php?rest_route=\/wp\/v2\/users\/1"}],"replies":[{"embeddable":true,"href":"https:\/\/natalzn.com.br\/index.php?rest_route=%2Fwp%2Fv2%2Fcomments&post=1193"}],"version-history":[{"count":10,"href":"https:\/\/natalzn.com.br\/index.php?rest_route=\/wp\/v2\/pages\/1193\/revisions"}],"predecessor-version":[{"id":1434,"href":"https:\/\/natalzn.com.br\/index.php?rest_route=\/wp\/v2\/pages\/1193\/revisions\/1434"}],"wp:attachment":[{"href":"https:\/\/natalzn.com.br\/index.php?rest_route=%2Fwp%2Fv2%2Fmedia&parent=1193"}],"curies":[{"name":"wp","href":"https:\/\/api.w.org\/{rel}","templated":true}]}}